{"id":8,"date":"2013-02-20T16:15:25","date_gmt":"2013-02-20T14:15:25","guid":{"rendered":"http:\/\/ineko.sk\/kea\/?page_id=8"},"modified":"2024-09-30T14:31:32","modified_gmt":"2024-09-30T12:31:32","slug":"o-nas","status":"publish","type":"page","link":"https:\/\/ineko.sk\/kea\/o-nas","title":{"rendered":"O n\u00e1s"},"content":{"rendered":"<p><span style=\"text-decoration: underline;\"><strong><a href=\"http:\/\/ineko.sk\/kea\/wp-content\/uploads\/2020\/10\/KEA-stanovy-2020.pdf\">Stiahnite si stanovy KEA<\/a><\/strong><\/span><\/p>\n<p>Klub ekonomick\u00fdch analytikov (KEA) je ob\u010dianskym zdru\u017een\u00edm, ktor\u00e9 m\u00e1 55 \u010dlenov a pozost\u00e1va z ekonomick\u00fdch analytikov. Amb\u00edciou KEA je zv\u00fd\u0161i\u0165 kvalitu spolo\u010denskej diskusie o ekonomick\u00fdch ot\u00e1zkach a podpori\u0165 presadzovanie rozumnej hospod\u00e1rskej politiky na Slovensku.<\/p>\n","protected":false},"excerpt":{"rendered":"<p>Stiahnite si stanovy KEA Klub ekonomick\u00fdch analytikov (KEA) je ob\u010dianskym zdru\u017een\u00edm, ktor\u00e9 m\u00e1 55 \u010dlenov a pozost\u00e1va z ekonomick\u00fdch analytikov. Amb\u00edciou KEA je zv\u00fd\u0161i\u0165 kvalitu spolo\u010denskej diskusie o ekonomick\u00fdch ot\u00e1zkach a podpori\u0165 presadzovanie rozumnej hospod\u00e1rskej politiky na Slovensku.<\/p>\n","protected":false},"author":2,"featured_media":0,"parent":0,"menu_order":0,"comment_status":"closed","ping_status":"open","template":"","meta":{"footnotes":""},"class_list":["post-8","page","type-page","status-publish","hentry"],"_links":{"self":[{"href":"https:\/\/ineko.sk\/kea\/wp-json\/wp\/v2\/pages\/8","targetHints":{"allow":["GET"]}}],"collection":[{"href":"https:\/\/ineko.sk\/kea\/wp-json\/wp\/v2\/pages"}],"about":[{"href":"https:\/\/ineko.sk\/kea\/wp-json\/wp\/v2\/types\/page"}],"author":[{"embeddable":true,"href":"https:\/\/ineko.sk\/kea\/wp-json\/wp\/v2\/users\/2"}],"replies":[{"embeddable":true,"href":"https:\/\/ineko.sk\/kea\/wp-json\/wp\/v2\/comments?post=8"}],"version-history":[{"count":18,"href":"https:\/\/ineko.sk\/kea\/wp-json\/wp\/v2\/pages\/8\/revisions"}],"predecessor-version":[{"id":657,"href":"https:\/\/ineko.sk\/kea\/wp-json\/wp\/v2\/pages\/8\/revisions\/657"}],"wp:attachment":[{"href":"https:\/\/ineko.sk\/kea\/wp-json\/wp\/v2\/media?parent=8"}],"curies":[{"name":"wp","href":"https:\/\/api.w.org\/{rel}","templated":true}]}}